{"id":61,"date":"2025-10-19T18:03:34","date_gmt":"2025-10-19T16:03:34","guid":{"rendered":"http:\/\/madameladiet.fr\/?page_id=61"},"modified":"2025-10-20T01:00:47","modified_gmt":"2025-10-19T21:00:47","slug":"prise-de-rendez-vous","status":"publish","type":"page","link":"https:\/\/madameladiet.fr\/index.php\/prise-de-rendez-vous\/","title":{"rendered":"Prise de rendez-vous"},"content":{"rendered":"\n<p class=\"has-text-align-center\">Merci de votre confiance.<br>Vous pouvez r\u00e9server directement en ligne la consultation qui correspond \u00e0 votre besoin.<br>Les rendez-vous se d\u00e9roulent au cabinet de La Saline-les-Bains, un parking et une salle d&rsquo;attente sont \u00e0 votre disposition.<\/p>\n\n\n\n<script>\n  if (typeof hasAmeliaEntitiesApiCall === 'undefined' && ('' === '' && '' !== '1')) {\n    var hasAmeliaEntitiesApiCall = true;\n  }\n  var ameliaShortcodeData = (typeof ameliaShortcodeData === 'undefined') ? [] : ameliaShortcodeData;\n  ameliaShortcodeData.push(\n    {\n      'hasApiCall': (typeof hasAmeliaEntitiesApiCall !== 'undefined') && hasAmeliaEntitiesApiCall,\n      'trigger': '',\n      'trigger_type': '',\n      'triggered_form': 'sbsNew',\n      'in_dialog': '',\n      'show': '',\n      'counter': '1000',\n      'category': '',\n      'service': '',\n      'employee': '',\n      'location': '',\n      'package': '',\n      'layout': '1',\n    }\n  );\n\n  var ameliaShortcodeDataTriggered = (typeof ameliaShortcodeDataTriggered === 'undefined') ? [] : ameliaShortcodeDataTriggered;\n  if (ameliaShortcodeData[ameliaShortcodeData.length - 1].trigger !== '') {\n    if (ameliaShortcodeDataTriggered.filter(a => a.counter === ameliaShortcodeData[ameliaShortcodeData.length - 1].counter).length === 0) {\n      ameliaShortcodeDataTriggered.push(ameliaShortcodeData.pop());\n    } else {\n      ameliaShortcodeData.pop()\n    }\n  }\n  if (typeof hasAmeliaEntitiesApiCall !== 'undefined' && hasAmeliaEntitiesApiCall) {\n    hasAmeliaEntitiesApiCall = false;\n  }\n<\/script>\n\n<div\n  id=\"amelia-v2-booking-1000\"\n  class=\"amelia-v2-booking\"\n >\n    <step-form-wrapper><\/step-form-wrapper><\/div>\n\n\n\n<p class=\"has-text-align-center\">Pour les nouveaux patients pour r\u00e9\u00e9quilibrage\/perte de poids, merci de r\u00e9server un <strong>bilan di\u00e9t\u00e9tique initial<\/strong> avant tout suivi.<br>En cas d\u2019impr\u00e9vu, vous pouvez <strong>modifier ou annuler<\/strong> votre rendez-vous jusqu\u2019\u00e0 24 h avant l\u2019horaire pr\u00e9vu.<\/p>\n\n\n\n<p class=\"has-text-align-center\">Le r\u00e8glement s\u2019effectue <strong>au cabinet par carte ou esp\u00e8ces<\/strong>. Des <strong>gabiers <\/strong>sont pr\u00e9sents sur le parking du leader price et \u00e0 la poste en ville. <br> Certaines mutuelles remboursent partiellement les consultations di\u00e9t\u00e9tiques sur pr\u00e9sentation de facture.<\/p>\n\n\n\n<p class=\"has-text-align-center\">Pour les cas particuliers ou en cas de besoin n\u2019h\u00e9sitez pas \u00e0 passer par le t\u00e9l\u00e9phone\/whatapp 0692 03 35 16.<\/p>\n","protected":false},"excerpt":{"rendered":"<p>Merci de votre confiance.Vous pouvez r\u00e9server directement en ligne la consultation qui correspond \u00e0 votre besoin.Les rendez-vous se d\u00e9roulent au cabinet de La Saline-les-Bains, un parking et une salle d&rsquo;attente sont \u00e0 votre disposition. Pour les nouveaux patients pour r\u00e9\u00e9quilibrage\/perte de poids, merci de r\u00e9server un bilan di\u00e9t\u00e9tique initial avant tout suivi.En cas d\u2019impr\u00e9vu, vous [&hellip;]<\/p>\n","protected":false},"author":1,"featured_media":0,"parent":0,"menu_order":0,"comment_status":"closed","ping_status":"closed","template":"","meta":{"footnotes":""},"class_list":["post-61","page","type-page","status-publish","hentry"],"_links":{"self":[{"href":"https:\/\/madameladiet.fr\/index.php\/wp-json\/wp\/v2\/pages\/61","targetHints":{"allow":["GET"]}}],"collection":[{"href":"https:\/\/madameladiet.fr\/index.php\/wp-json\/wp\/v2\/pages"}],"about":[{"href":"https:\/\/madameladiet.fr\/index.php\/wp-json\/wp\/v2\/types\/page"}],"author":[{"embeddable":true,"href":"https:\/\/madameladiet.fr\/index.php\/wp-json\/wp\/v2\/users\/1"}],"replies":[{"embeddable":true,"href":"https:\/\/madameladiet.fr\/index.php\/wp-json\/wp\/v2\/comments?post=61"}],"version-history":[{"count":4,"href":"https:\/\/madameladiet.fr\/index.php\/wp-json\/wp\/v2\/pages\/61\/revisions"}],"predecessor-version":[{"id":81,"href":"https:\/\/madameladiet.fr\/index.php\/wp-json\/wp\/v2\/pages\/61\/revisions\/81"}],"wp:attachment":[{"href":"https:\/\/madameladiet.fr\/index.php\/wp-json\/wp\/v2\/media?parent=61"}],"curies":[{"name":"wp","href":"https:\/\/api.w.org\/{rel}","templated":true}]}}