{"id":60,"date":"2025-10-19T18:03:34","date_gmt":"2025-10-19T16:03:34","guid":{"rendered":"http:\/\/madameladiet.fr\/?page_id=60"},"modified":"2025-10-20T01:10:18","modified_gmt":"2025-10-19T21:10:18","slug":"dieteticienne-vs-nutritionniste","status":"publish","type":"page","link":"https:\/\/madameladiet.fr\/index.php\/dieteticienne-vs-nutritionniste\/","title":{"rendered":"Di\u00e9t\u00e9ticienne vs Nutritionniste"},"content":{"rendered":"\n<h3 class=\"wp-block-heading has-text-align-center\">Quelles diff\u00e9rences ?<\/h3>\n\n\n\n<h3 class=\"wp-block-heading\">La di\u00e9t\u00e9ticienne-nutritionniste : une <strong>professionnelle de sant\u00e9 reconnu<\/strong>e<\/h3>\n\n\n\n<p>Le titre de <strong>di\u00e9t\u00e9ticien<\/strong>.ne est <strong>prot\u00e9g\u00e9 par la loi<\/strong> (article L4371-1 du Code de la Sant\u00e9 Publique).<br>Seules les personnes titulaires d\u2019un <strong>BTS Di\u00e9t\u00e9tique<\/strong> ou d\u2019un <strong>BUT G\u00e9nie Biologique option Di\u00e9t\u00e9tique<\/strong> peuvent exercer cette profession.<\/p>\n\n\n\n<p> \u00c0 ce titre, le di\u00e9t\u00e9ticien-nutritionniste :<\/p>\n\n\n\n<ul class=\"wp-block-list\">\n<li>fait partie des <strong>professions param\u00e9dicales<\/strong> reconnues par l\u2019\u00c9tat,<\/li>\n\n\n\n<li>est <strong>inscrit au R\u00e9pertoire Partag\u00e9 des Professionnels de Sant\u00e9 (RPPS)<\/strong>,<\/li>\n\n\n\n<li>travaille en lien direct avec les m\u00e9decins et les \u00e9tablissements de sant\u00e9,<\/li>\n\n\n\n<li>assure la <strong>prise en charge nutritionnelle<\/strong> \u00e0 but th\u00e9rapeutique ou pr\u00e9ventif, en respectant les recommandations officielles (HAS, PNNS, etc.).<\/li>\n<\/ul>\n\n\n\n<p>\ud83d\udca1 La <strong>micronutrition<\/strong> (vitamines, min\u00e9raux, acides gras, etc.) fait partie int\u00e9grante de la <strong>formation initiale<\/strong> du di\u00e9t\u00e9ticien, enseign\u00e9e dans le cadre de la <strong>nutrition clinique<\/strong> et de la <strong>physiopathologie<\/strong>.<\/p>\n\n\n\n<hr class=\"wp-block-separator has-alpha-channel-opacity\"\/>\n\n\n\n<h3 class=\"wp-block-heading\">\ud83d\udeab Le terme \u201cnutritionniste\u201d &#8211; \u00ab\u00a0micronutritionniste\u00a0\u00bb seul n\u2019est pas un dipl\u00f4me<\/h3>\n\n\n\n<p>Le mot <strong>\u201cnutritionniste\u201d<\/strong> n\u2019est pas prot\u00e9g\u00e9.<br>Il peut \u00eatre utilis\u00e9 :<\/p>\n\n\n\n<ul class=\"wp-block-list\">\n<li>par un <strong>m\u00e9decin<\/strong> ayant suivi une formation compl\u00e9mentaire en nutrition (<em>m\u00e9decin nutritionniste<\/em>)<\/li>\n\n\n\n<li>mais aussi, malheureusement, par <strong>toute personne non dipl\u00f4m\u00e9e<\/strong>, apr\u00e8s une formation priv\u00e9e, souvent non reconnue par l\u2019\u00c9tat.<\/li>\n<\/ul>\n\n\n\n<p>Ces derniers <strong>ne sont pas des professionnels de sant\u00e9<\/strong>, et <strong>ne sont pas habilit\u00e9s \u00e0 \u00e9tablir un suivi nutritionnel th\u00e9rapeutique<\/strong>.<\/p>\n\n\n\n<hr class=\"wp-block-separator has-alpha-channel-opacity\"\/>\n\n\n\n<h3 class=\"wp-block-heading\"> L\u2019exercice ill\u00e9gal de la di\u00e9t\u00e9tique<\/h3>\n\n\n\n<p>Pratiquer des actes de nutrition \u00e0 vis\u00e9e th\u00e9rapeutique sans \u00eatre dipl\u00f4m\u00e9 ou inscrit au RPPS constitue un <strong>exercice ill\u00e9gal de la profession de di\u00e9t\u00e9ticien<\/strong> (article L4371-1 et L4372-1 du Code de la Sant\u00e9 Publique).<br>C\u2019est passible de :<\/p>\n\n\n\n<ul class=\"wp-block-list\">\n<li><strong>1 an d\u2019emprisonnement<\/strong>,<\/li>\n\n\n\n<li>et <strong>15 000 \u20ac d\u2019amende<\/strong>.<\/li>\n<\/ul>\n\n\n\n<p>Cette r\u00e9glementation prot\u00e8ge le public contre les d\u00e9rives et les conseils non fond\u00e9s scientifiquement.<\/p>\n","protected":false},"excerpt":{"rendered":"<p>Quelles diff\u00e9rences ? La di\u00e9t\u00e9ticienne-nutritionniste : une professionnelle de sant\u00e9 reconnue Le titre de di\u00e9t\u00e9ticien.ne est prot\u00e9g\u00e9 par la loi (article L4371-1 du Code de la Sant\u00e9 Publique).Seules les personnes titulaires d\u2019un BTS Di\u00e9t\u00e9tique ou d\u2019un BUT G\u00e9nie Biologique option Di\u00e9t\u00e9tique peuvent exercer cette profession. \u00c0 ce titre, le di\u00e9t\u00e9ticien-nutritionniste : \ud83d\udca1 La micronutrition (vitamines, [&hellip;]<\/p>\n","protected":false},"author":1,"featured_media":0,"parent":0,"menu_order":0,"comment_status":"closed","ping_status":"closed","template":"","meta":{"footnotes":""},"class_list":["post-60","page","type-page","status-publish","hentry"],"_links":{"self":[{"href":"https:\/\/madameladiet.fr\/index.php\/wp-json\/wp\/v2\/pages\/60","targetHints":{"allow":["GET"]}}],"collection":[{"href":"https:\/\/madameladiet.fr\/index.php\/wp-json\/wp\/v2\/pages"}],"about":[{"href":"https:\/\/madameladiet.fr\/index.php\/wp-json\/wp\/v2\/types\/page"}],"author":[{"embeddable":true,"href":"https:\/\/madameladiet.fr\/index.php\/wp-json\/wp\/v2\/users\/1"}],"replies":[{"embeddable":true,"href":"https:\/\/madameladiet.fr\/index.php\/wp-json\/wp\/v2\/comments?post=60"}],"version-history":[{"count":3,"href":"https:\/\/madameladiet.fr\/index.php\/wp-json\/wp\/v2\/pages\/60\/revisions"}],"predecessor-version":[{"id":83,"href":"https:\/\/madameladiet.fr\/index.php\/wp-json\/wp\/v2\/pages\/60\/revisions\/83"}],"wp:attachment":[{"href":"https:\/\/madameladiet.fr\/index.php\/wp-json\/wp\/v2\/media?parent=60"}],"curies":[{"name":"wp","href":"https:\/\/api.w.org\/{rel}","templated":true}]}}