{"id":47,"date":"2025-10-19T14:47:06","date_gmt":"2025-10-19T12:47:06","guid":{"rendered":"http:\/\/madameladiet.fr\/?page_id=47"},"modified":"2025-10-19T15:16:29","modified_gmt":"2025-10-19T13:16:29","slug":"la-praticienne","status":"publish","type":"page","link":"https:\/\/madameladiet.fr\/index.php\/la-praticienne\/","title":{"rendered":"La Praticienne"},"content":{"rendered":"\n<p class=\"has-text-align-center\"><em>\u00ab\u00a0Primum non nocere\u00a0\u00bb<\/em> \u2013 D\u2019abord, ne pas nuire<\/p>\n\n\n\n<p class=\"has-text-align-center\"><em>\u201cQue ton alimentation soit ta premi\u00e8re m\u00e9decine.\u201d<\/em> \u2013 Hippocrate<\/p>\n\n\n\n<p><strong>Coralie Schneider<\/strong>, di\u00e9t\u00e9ticienne \u00e0 la saline les bains, dipl\u00f4m\u00e9e du BTS di\u00e9t\u00e9tique, j\u2019ai exerc\u00e9 plusieurs ann\u00e9es en <strong>\u00e9tablissements de soins<\/strong> (cliniques de r\u00e9\u00e9ducation, services de sant\u00e9 mentale de soins de suite, r\u00e9\u00e9ducation, maintien \u00e0 domicile), avant d&rsquo;ouvrir des consultations \u00e0 Sainte-Marie\/Saint Denis puis maintenant mon cabinet lib\u00e9ral \u00e0 La Saline Les Bains. <br>Ces exp\u00e9riences en milieu hospitalier m\u2019a permis de d\u00e9velopper une <strong>expertise approfondie dans la di\u00e9t\u00e9tique et nutrition clinique<\/strong>, autant en macro qu&rsquo;en micronutrition, notamment dans la prise en charge de di\u00e9t\u00e9tiques th\u00e9rapeutiques:<\/p>\n\n\n\n<ul class=\"wp-block-list\">\n<li><strong>Des cancers<\/strong> : accompagnement nutritionnel en oncologie, pr\u00e9vention de la d\u00e9nutrition et soutien pendant les traitements<\/li>\n\n\n\n<li><strong>Du diab\u00e8te gestationnel<\/strong> : \u00e9ducation nutritionnelle et suivi personnalis\u00e9 des femmes enceintes<\/li>\n\n\n\n<li><strong>Des pathologies m\u00e9taboliques et digestives<\/strong> <\/li>\n\n\n\n<li><strong>De la nutrition artificielle<\/strong><\/li>\n<\/ul>\n\n\n\n<p>Aujourd\u2019hui, je mets ces comp\u00e9tences au service d\u2019un accompagnement <strong>global et bienveillant<\/strong>, alliant <strong>scientifique, \u00e9thique et humanit\u00e9<\/strong>.<\/p>\n\n\n\n<hr class=\"wp-block-separator has-alpha-channel-opacity\"\/>\n\n\n\n<h5 class=\"wp-block-heading\">Mon exp\u00e9rience en formation et en p\u00e9dagogie<\/h5>\n\n\n\n<p>Transmettre fait partie int\u00e9grante de ma mission.<br>Pendant <strong> 3 ans<\/strong>, j\u2019ai enseign\u00e9 en <strong>BTS Di\u00e9t\u00e9tique<\/strong>, formant de futurs professionnels \u00e0 la <strong>d\u00e9marche de soin di\u00e9t\u00e9tique<\/strong>, \u00e0 la <strong>nutrition clinique<\/strong> et \u00e0 la <strong>relation de soin<\/strong>.<br>J\u2019ai \u00e9galement eu l\u2019honneur d\u2019\u00eatre <strong>jury d\u2019examen du BTS Di\u00e9t\u00e9tique pendant 5 ans<\/strong>, un engagement qui me permet de contribuer \u00e0 la qualit\u00e9 et \u00e0 la reconnaissance du m\u00e9tier.<\/p>\n\n\n\n<p>Ces ann\u00e9es d\u2019enseignement ont fa\u00e7onn\u00e9 ma mani\u00e8re d\u2019accompagner : <strong>avec p\u00e9dagogie, \u00e9coute et clart\u00e9<\/strong>, pour que chacun comprenne et s\u2019approprie sa sant\u00e9.<\/p>\n\n\n\n<hr class=\"wp-block-separator has-alpha-channel-opacity\"\/>\n\n\n\n<h5 class=\"wp-block-heading\">Mon approche et mes publics<\/h5>\n\n\n\n<p>Ma pratique repose sur une vision <strong>globale et personnalis\u00e9e<\/strong> de la nutrition.<br>Au cabinet, j\u2019accueille tous les type de public :<\/p>\n\n\n\n<ul class=\"wp-block-list\">\n<li> <strong>Les femmes en transition hormonale<\/strong> souhaitant pr\u00e9server \u00e9quilibre et vitalit\u00e9<\/li>\n\n\n\n<li> <strong>Les seniors<\/strong> d\u00e9sireux de maintenir leur sant\u00e9, leur autonomie et leur plaisir de manger<\/li>\n\n\n\n<li> <strong>Les sportifs<\/strong> soucieux d\u2019optimiser leurs performances et leur r\u00e9cup\u00e9ration<\/li>\n\n\n\n<li> <strong>Les personnes atteintes de pathologies chroniques<\/strong> (diab\u00e8te, cancer, ob\u00e9sit\u00e9, maladies cardiovasculaires\u2026)<\/li>\n\n\n\n<li><strong>Toute personne ou famille<\/strong> en demande de conseils sur l&rsquo;\u00e9quilibre alimentaire (r\u00e9\u00e9quilibrage\/plan alimentaire familiale) et\/ou transition du r\u00e9gime alimentaire ( flexitarisme,v\u00e9g\u00e9tarisme, v\u00e9ganisme&#8230;)<\/li>\n<\/ul>\n\n\n\n<p>Chaque accompagnement est individualis\u00e9, bas\u00e9 sur l\u2019\u00e9coute, la compr\u00e9hension du mode de vie, et le respect du rythme de chacun.<\/p>\n","protected":false},"excerpt":{"rendered":"<p>\u00ab\u00a0Primum non nocere\u00a0\u00bb \u2013 D\u2019abord, ne pas nuire \u201cQue ton alimentation soit ta premi\u00e8re m\u00e9decine.\u201d \u2013 Hippocrate Coralie Schneider, di\u00e9t\u00e9ticienne \u00e0 la saline les bains, dipl\u00f4m\u00e9e du BTS di\u00e9t\u00e9tique, j\u2019ai exerc\u00e9 plusieurs ann\u00e9es en \u00e9tablissements de soins (cliniques de r\u00e9\u00e9ducation, services de sant\u00e9 mentale de soins de suite, r\u00e9\u00e9ducation, maintien \u00e0 domicile), avant d&rsquo;ouvrir des [&hellip;]<\/p>\n","protected":false},"author":1,"featured_media":0,"parent":0,"menu_order":0,"comment_status":"closed","ping_status":"closed","template":"","meta":{"footnotes":""},"class_list":["post-47","page","type-page","status-publish","hentry"],"_links":{"self":[{"href":"https:\/\/madameladiet.fr\/index.php\/wp-json\/wp\/v2\/pages\/47","targetHints":{"allow":["GET"]}}],"collection":[{"href":"https:\/\/madameladiet.fr\/index.php\/wp-json\/wp\/v2\/pages"}],"about":[{"href":"https:\/\/madameladiet.fr\/index.php\/wp-json\/wp\/v2\/types\/page"}],"author":[{"embeddable":true,"href":"https:\/\/madameladiet.fr\/index.php\/wp-json\/wp\/v2\/users\/1"}],"replies":[{"embeddable":true,"href":"https:\/\/madameladiet.fr\/index.php\/wp-json\/wp\/v2\/comments?post=47"}],"version-history":[{"count":4,"href":"https:\/\/madameladiet.fr\/index.php\/wp-json\/wp\/v2\/pages\/47\/revisions"}],"predecessor-version":[{"id":56,"href":"https:\/\/madameladiet.fr\/index.php\/wp-json\/wp\/v2\/pages\/47\/revisions\/56"}],"wp:attachment":[{"href":"https:\/\/madameladiet.fr\/index.php\/wp-json\/wp\/v2\/media?parent=47"}],"curies":[{"name":"wp","href":"https:\/\/api.w.org\/{rel}","templated":true}]}}