{"id":16,"date":"2025-04-04T08:42:48","date_gmt":"2025-04-04T06:42:48","guid":{"rendered":"http:\/\/madameladiet.fr\/?page_id=16"},"modified":"2025-10-19T14:14:29","modified_gmt":"2025-10-19T12:14:29","slug":"a-propos-de","status":"publish","type":"page","link":"https:\/\/madameladiet.fr\/","title":{"rendered":"Le Cabinet"},"content":{"rendered":"\n<p>Install\u00e9 \u00e0<strong> La Saline Les Bains, sur l\u2019\u00eele de La R\u00e9union<\/strong>, le <strong>cabinet Madame la Diet<\/strong> vous accueille dans un espace chaleureux, calme et bienveillant, d\u00e9di\u00e9 \u00e0 votre <strong>\u00e9quilibre nutritionnel et votre bien-\u00eatre global<\/strong>.<br>Mon objectif : vous accompagner pas \u00e0 pas vers une alimentation adapt\u00e9e \u00e0 vos besoins, \u00e0 votre sant\u00e9 et \u00e0 votre mode de vie. <\/p>\n\n\n\n<p>Ici pas de privation, ni de programme tout fait : l&rsquo;\u00e9coute est le premier des soins prodigu\u00e9s. <\/p>\n\n\n\n<p>Je m\u2019appelle <strong>Coralie Schneider<\/strong>, di\u00e9t\u00e9ticienne-nutritionniste dipl\u00f4m\u00e9e d\u2019\u00c9tat, passionn\u00e9e par la relation entre l\u2019alimentation, la sant\u00e9 et le plaisir de manger.<br>Forte de plusieurs ann\u00e9es d\u2019exp\u00e9rience en <strong>cliniques et en lib\u00e9ral<\/strong>, j\u2019ai d\u00e9velopp\u00e9 une approche \u00e0 la fois <strong>scientifique, humaine et individualis\u00e9e<\/strong>.<\/p>\n\n\n\n<p>Chaque personne est unique : c\u2019est pourquoi chaque accompagnement est personnalis\u00e9, sans jugement, sans interdit inutile, et toujours dans le respect de votre rythme.<\/p>\n\n\n\n<p>Mon travail repose sur <strong>l\u2019\u00e9coute<\/strong>, <strong>la p\u00e9dagogie<\/strong> et <strong>l\u2019\u00e9ducation nutritionnelle<\/strong>.<br>Ensemble, nous construisons un plan alimentaire qui a du sens pour vous : qu\u2019il s\u2019agisse de trouver un \u00e9quilibre, une transition de r\u00e9gime alimentaire, de g\u00e9rer une pathologie, un objectif sportif\/de performance ou de renouer avec le plaisir de manger.<\/p>\n\n\n\n<h4 class=\"wp-block-heading\">Prendre rendez-vous<\/h4>\n\n\n\n<p>\ud83d\udccd <strong>Cabinet Madame la Diet Coralie Schneider \u2013 La saline les bains, Saint-Paul, La R\u00e9union<\/strong><br>\ud83d\udd53 Sur rendez-vous uniquement<br>\ud83d\udcde <strong>T\u00e9l\u00e9phone :<\/strong> 0692033516 SMS pour les RDV<br>\ud83d\udcc6 Prise de rendez-vous en ligne<\/p>\n\n\n\n<p><\/p>\n\n\n\n<p><\/p>\n","protected":false},"excerpt":{"rendered":"<p>Install\u00e9 \u00e0 La Saline Les Bains, sur l\u2019\u00eele de La R\u00e9union, le cabinet Madame la Diet vous accueille dans un espace chaleureux, calme et bienveillant, d\u00e9di\u00e9 \u00e0 votre \u00e9quilibre nutritionnel et votre bien-\u00eatre global.Mon objectif : vous accompagner pas \u00e0 pas vers une alimentation adapt\u00e9e \u00e0 vos besoins, \u00e0 votre sant\u00e9 et \u00e0 votre mode [&hellip;]<\/p>\n","protected":false},"author":1,"featured_media":0,"parent":0,"menu_order":0,"comment_status":"closed","ping_status":"closed","template":"","meta":{"footnotes":""},"class_list":["post-16","page","type-page","status-publish","hentry"],"_links":{"self":[{"href":"https:\/\/madameladiet.fr\/index.php\/wp-json\/wp\/v2\/pages\/16","targetHints":{"allow":["GET"]}}],"collection":[{"href":"https:\/\/madameladiet.fr\/index.php\/wp-json\/wp\/v2\/pages"}],"about":[{"href":"https:\/\/madameladiet.fr\/index.php\/wp-json\/wp\/v2\/types\/page"}],"author":[{"embeddable":true,"href":"https:\/\/madameladiet.fr\/index.php\/wp-json\/wp\/v2\/users\/1"}],"replies":[{"embeddable":true,"href":"https:\/\/madameladiet.fr\/index.php\/wp-json\/wp\/v2\/comments?post=16"}],"version-history":[{"count":2,"href":"https:\/\/madameladiet.fr\/index.php\/wp-json\/wp\/v2\/pages\/16\/revisions"}],"predecessor-version":[{"id":45,"href":"https:\/\/madameladiet.fr\/index.php\/wp-json\/wp\/v2\/pages\/16\/revisions\/45"}],"wp:attachment":[{"href":"https:\/\/madameladiet.fr\/index.php\/wp-json\/wp\/v2\/media?parent=16"}],"curies":[{"name":"wp","href":"https:\/\/api.w.org\/{rel}","templated":true}]}}